{"id":2,"date":"2013-12-18T11:17:06","date_gmt":"2013-12-18T11:17:06","guid":{"rendered":"http:\/\/www.ais-trucks.de\/?page_id=2"},"modified":"2022-02-25T16:19:59","modified_gmt":"2022-02-25T15:19:59","slug":"sample-page","status":"publish","type":"page","link":"https:\/\/www.ais-trucks.de\/","title":{"rendered":""},"content":{"rendered":"\n<p><i>\r\n\t<div class=\"slideshow_container slideshow_container_style-light\" style=\"height: 533px; \" data-slideshow-id=\"146\" data-style-name=\"style-light\" data-style-version=\"2.3.1\" >\r\n\r\n\t\t\t\t\t<div class=\"slideshow_loading_icon\"><\/div>\r\n\t\t\r\n\t\t<div class=\"slideshow_content\" style=\"display: none;\">\r\n\r\n\t\t\t<div class=\"slideshow_view\">\r\n\t\t\t\t<div class=\"slideshow_slide slideshow_slide_image\">\r\n\t\t\t\t\t<a href=\"https:\/\/www.trucks-europe.de\/homepage\/vehicles\/ais\/\" target=\"_blank\" >\t\t\t\t\t\t<img src=\"https:\/\/www.ais-trucks.de\/wp-content\/uploads\/2019\/04\/e.jpg\" alt=\"\" width=\"800\" height=\"533\" \/>\r\n\t\t\t\t\t<\/a>\t\t\t\t\t<div class=\"slideshow_description_box slideshow_transparent\">\r\n\t\t\t\t\t\t\t\t\t\t\t\t\t\t\t\t\t<\/div>\r\n\t\t\t\t<\/div>\r\n\r\n\t\t\t\t\t\t<div style=\"clear: both;\"><\/div><\/div><div class=\"slideshow_view\">\r\n\t\t\t\t<div class=\"slideshow_slide slideshow_slide_image\">\r\n\t\t\t\t\t<a href=\"https:\/\/www.trucks-europe.de\/homepage\/vehicles\/ais\/\" target=\"_blank\" >\t\t\t\t\t\t<img src=\"https:\/\/www.ais-trucks.de\/wp-content\/uploads\/2019\/04\/c.jpg\" alt=\"\" width=\"800\" height=\"533\" \/>\r\n\t\t\t\t\t<\/a>\t\t\t\t\t<div class=\"slideshow_description_box slideshow_transparent\">\r\n\t\t\t\t\t\t\t\t\t\t\t\t\t\t\t\t\t<\/div>\r\n\t\t\t\t<\/div>\r\n\r\n\t\t\t\t\t\t<div style=\"clear: both;\"><\/div><\/div><div class=\"slideshow_view\">\r\n\t\t\t\t<div class=\"slideshow_slide slideshow_slide_image\">\r\n\t\t\t\t\t\t\t\t\t\t\t<img src=\"https:\/\/www.ais-trucks.de\/wp-content\/uploads\/2020\/07\/DSCF1298.jpg\" alt=\"\" width=\"800\" height=\"600\" \/>\r\n\t\t\t\t\t\t\t\t\t\t<div class=\"slideshow_description_box slideshow_transparent\">\r\n\t\t\t\t\t\t\t\t\t\t\t\t\t\t\t\t\t<\/div>\r\n\t\t\t\t<\/div>\r\n\r\n\t\t\t\t\t\t<div style=\"clear: both;\"><\/div><\/div><div class=\"slideshow_view\">\r\n\t\t\t\t<div class=\"slideshow_slide slideshow_slide_image\">\r\n\t\t\t\t\t\t\t\t\t\t\t<img src=\"https:\/\/www.ais-trucks.de\/wp-content\/uploads\/2020\/07\/DSCF3771.jpg\" alt=\"DSCF3771\" width=\"800\" height=\"600\" \/>\r\n\t\t\t\t\t\t\t\t\t\t<div class=\"slideshow_description_box slideshow_transparent\">\r\n\t\t\t\t\t\t<div class=\"slideshow_title\">DSCF3771<\/div>\t\t\t\t\t\t\t\t\t\t\t<\/div>\r\n\t\t\t\t<\/div>\r\n\r\n\t\t\t\t\t\t<div style=\"clear: both;\"><\/div><\/div><div class=\"slideshow_view\">\r\n\t\t\t\t<div class=\"slideshow_slide slideshow_slide_image\">\r\n\t\t\t\t\t\t\t\t\t\t\t<img src=\"https:\/\/www.ais-trucks.de\/wp-content\/uploads\/2020\/07\/DSCF6169.jpg\" alt=\"DSCF6169\" width=\"800\" height=\"600\" \/>\r\n\t\t\t\t\t\t\t\t\t\t<div class=\"slideshow_description_box slideshow_transparent\">\r\n\t\t\t\t\t\t<div class=\"slideshow_title\">DSCF6169<\/div>\t\t\t\t\t\t\t\t\t\t\t<\/div>\r\n\t\t\t\t<\/div>\r\n\r\n\t\t\t\t\t\t<div style=\"clear: both;\"><\/div><\/div>\r\n\t\t<\/div>\r\n\r\n\t\t<div class=\"slideshow_controlPanel slideshow_transparent\" style=\"display: none;\"><ul><li class=\"slideshow_togglePlay\" data-play-text=\"Abspielen\" data-pause-text=\"Pause\"><\/li><\/ul><\/div>\r\n\r\n\t\t<div class=\"slideshow_button slideshow_previous slideshow_transparent\" role=\"button\" data-previous-text=\"Zur\u00fcck\" style=\"display: none;\"><\/div>\r\n\t\t<div class=\"slideshow_button slideshow_next slideshow_transparent\" role=\"button\" data-next-text=\"N\u00e4chstes\" style=\"display: none;\"><\/div>\r\n\r\n\t\t<div class=\"slideshow_pagination\" style=\"display: none;\" data-go-to-text=\"Gehe zum Bild\"><div class=\"slideshow_pagination_center\"><\/div><\/div>\r\n\r\n\t\t<!-- WordPress Slideshow Version 2.3.1 -->\r\n\r\n\t\t\t<\/div>\r\n\r\n<\/i><\/p>\n\n\n\n<h1 id=\"herzlich-willkommen\">Herzlich Willkommen!<\/h1>\n\n\n\n<p class=\"has-normal-font-size\">Wir freuen uns, Sie auf unseren Seiten begr\u00fc\u00dfen zu d\u00fcrfen. Hier erhalten Sie alles aus einer Hand.<\/p>\n\n\n\n<p class=\"has-normal-font-size\"><strong>Unser Angebot<\/strong> bietet Ihnen ein breites Spektrum von gro\u00dfen LKW bis zu Transportern. <br>Wir garantieren h\u00f6chste Qualit\u00e4t unserer Arbeit zu stets fairen Preisen.<\/p>\n\n\n\n<p class=\"has-normal-font-size\"><strong>Besonders spezialisiert<\/strong> haben wir uns auf K\u00fchlfahrzeuge jeder Gr\u00f6\u00dfenordnung.<\/p>\n\n\n\n<p class=\"has-normal-font-size\"><strong>K\u00fchlkoffer<\/strong> bieten wir Ihnen in einem sehr guten Gebrauchtzustand oder auch auf Wunsch fabrikneu.<\/p>\n\n\n\n<p style=\"font-size:14px\"><strong>AIS GmbH<\/strong><br>Oberes Tal 3<br>74673 Mulfingen<br>Deutschland<\/p>\n\n\n\n<p style=\"font-size:14px\">Tel: +49 7938 414990<br>E-Mail: sales(at)ais-trucks.de<\/p>\n\n\n<p><a href=\"https:\/\/www.facebook.com\/AIS-GmbH-339161333293921\/\" target=\"_blank\" rel=\"noopener noreferrer\"><img loading=\"lazy\" class=\"alignnone wp-image-163 size-full\" src=\"https:\/\/www.ais-trucks.de\/wp-content\/uploads\/2019\/04\/facebook_icon.jpg\" alt=\"\" width=\"48\" height=\"48\"><\/a> <a href=\"https:\/\/www.instagram.com\/ais_trucks\/\" target=\"_blank\" rel=\"noopener noreferrer\"><img loading=\"lazy\" class=\"alignnone wp-image-159 size-full\" src=\"https:\/\/www.ais-trucks.de\/wp-content\/uploads\/2019\/04\/Instagram_logo_2016.jpeg\" alt=\"\" width=\"48\" height=\"48\"><\/a><\/p>","protected":false},"excerpt":{"rendered":"<p>Herzlich Willkommen! Wir freuen uns, Sie auf unseren Seiten begr\u00fc\u00dfen zu d\u00fcrfen. Hier erhalten Sie alles aus einer Hand. Unser Angebot bietet Ihnen ein breites Spektrum von gro\u00dfen LKW bis zu Transportern. Wir garantieren h\u00f6chste Qualit\u00e4t unserer Arbeit zu stets &hellip; <a href=\"https:\/\/www.ais-trucks.de\/\">Continued<\/a><\/p>\n","protected":false},"author":1,"featured_media":0,"parent":0,"menu_order":0,"comment_status":"open","ping_status":"open","template":"","meta":[],"_links":{"self":[{"href":"https:\/\/www.ais-trucks.de\/index.php?rest_route=\/wp\/v2\/pages\/2"}],"collection":[{"href":"https:\/\/www.ais-trucks.de\/index.php?rest_route=\/wp\/v2\/pages"}],"about":[{"href":"https:\/\/www.ais-trucks.de\/index.php?rest_route=\/wp\/v2\/types\/page"}],"author":[{"embeddable":true,"href":"https:\/\/www.ais-trucks.de\/index.php?rest_route=\/wp\/v2\/users\/1"}],"replies":[{"embeddable":true,"href":"https:\/\/www.ais-trucks.de\/index.php?rest_route=%2Fwp%2Fv2%2Fcomments&post=2"}],"version-history":[{"count":24,"href":"https:\/\/www.ais-trucks.de\/index.php?rest_route=\/wp\/v2\/pages\/2\/revisions"}],"predecessor-version":[{"id":265,"href":"https:\/\/www.ais-trucks.de\/index.php?rest_route=\/wp\/v2\/pages\/2\/revisions\/265"}],"wp:attachment":[{"href":"https:\/\/www.ais-trucks.de\/index.php?rest_route=%2Fwp%2Fv2%2Fmedia&parent=2"}],"curies":[{"name":"wp","href":"https:\/\/api.w.org\/{rel}","templated":true}]}}